{"id":125,"date":"2024-06-12T09:45:53","date_gmt":"2024-06-12T06:45:53","guid":{"rendered":"https:\/\/ecoplast.md\/?page_id=125"},"modified":"2024-07-04T00:53:12","modified_gmt":"2024-07-03T21:53:12","slug":"pervazuri","status":"publish","type":"page","link":"https:\/\/ecoplast.md\/en\/pervazuri\/","title":{"rendered":"Pervazuri"},"content":{"rendered":"<section>\r\n<div class=\"container\">\r\n<div class=\"row\">\r\n<p>Instal\u00eend un nou geam \u00een locuin\u021b\u0103, deja ave\u021bi nevoie \u0219i de un pervaz interior din PVC, dac\u0103 este necesar \u0219i un pervaz exterior din aluminiu. Compania EcoPlast are o gam\u0103 larg\u0103 de pervazuri la cele mai mici pre\u021buri. Datorit\u0103 materialului de calitate nu necesit\u0103 \u00eengrijire cu detergen\u021bi speciali \u0219i se combin\u0103 perfect cu fereastra. Toate pervazurile au o pelicul\u0103 de protec\u021bie, ce nu permite deterior\u0103ri mecanice \u00een timpul transport\u0103rii \u0219i mont\u0103rii.\r\nProducem pervazuri interioare de culoarea: alb, nuc, stejar auriu, marmura, gri, negru etc.\r\nProducem pervazuri exterioare de culoarea: alb, argintiu, maro, gri, negru etc.<\/p>\r\n<div style=\"float:left;width:528px\">\r\n<h2>Pervazuri Crystallit<\/h2>\r\n<p>Un element important \u0219i obi\u0219nuit al ferestrei, pervazul, este \u00een prezent nu doar un detaliu care finiseaz\u0103 montarea sistemului de ferestre \u0219i care influen\u021beaz\u0103 asupra izola\u021biei termice \u0219i acustice din cas\u0103, dar \u0219i unul care determin\u0103 confortul \u0219i finisarea interiorului. Pervazurile moderne, ca \u0219i \u00eenainte, reprezint\u0103 un loc obi\u0219nuit de p\u0103strare a obiectelor casnice: flori, bijuterii, tehnic\u0103 de uz casnic. Marca Crystallit face din acest lucru \u00eentr-adev\u0103r ceva frumos, oferind o combina\u021bie excelent\u0103 de culori, aspecte \u0219i nuan\u021be cu rezisten\u021ba \u0219i durabilitatea materialului. <strong>Pervazurile Crystallit<\/strong> este un lider pe pia\u021ba pervazurilor din plastic de clas\u0103 premium. Marca prezentat\u0103 este cunoscut\u0103 datorit\u0103 unei palete vaste de decoruri, 29 de tipuri, \u0219i unei serii de propriet\u0103\u021bi care pun Crystallit pe un nivel mai sus dec\u00e2t pervazurile simple din plastic. Baza mult mai durabil\u0103 Crystallit, consolidat\u0103 cu nervur\u0103 de rigidizare suplimentar\u0103, este acoperit\u0103 cu o pelicul\u0103 special\u0103 din acril, care protejeaz\u0103 sigur pervazul \u00eempotriva leziunilor mecanice, materialelor fierbin\u021bi, t\u0103ioase \u0219i \u00eempotriva spirturilor. Aleg\u00e2nd Crystallit dvs. alege\u021bi frumuse\u021bea \u0219i ecologitatea casei dvs.!<\/p>\r\n<img decoding=\"async\" src=\"\/wp-content\/uploads\/2024\/06\/Cystallit.webp\" alt=\"Cystallit\" width=\"100%\" \/>\r\n<img decoding=\"async\" src=\"\/wp-content\/uploads\/2024\/06\/Crystallit_1.webp\" alt=\"Crystallit\" width=\"100%\" \/>\r\n<\/div>\r\n<div style=\"float:left;width:528px;margin-left:40px\">\r\n<h2>Pervazuri BrusBox<\/h2>\r\n<p>In anul 2004 <strong>compania &#8220;Brusbox&#8221;<\/strong>, a \u00eenceput eliberarea glafuri din PVC sub marca BRUSBOX. Ast\u0103zi, compania Brusbox este unul dintre cei mai mari furnizori de glafuri din PVC pe pia\u021ba rus\u0103. Volumele de produc\u021bie de fier vechi de peste un milion de metri p\u0103tra\u021bi pe an.<\/p>\r\n<p>Dezvoltarea \u0219i modernizarea produc\u021biei sale, <strong>compania &#8220;Brusbox&#8221;<\/strong> a crescut gama produselor sale \u0219i 3 tipuri de dimensiuni extrudeaz\u0103 prag de: 500 mm, 700 mm \u0219i 800 mm, cu dou\u0103 Kapinos. Nomenclatura de ferestre din PVC glafuri BRUSBOX incepe cu 100 mm, \u00een trepte de 50 mm: 100, 150 &#8230; 800.<\/p>\r\n<p><strong>OOO &#8220;Brusbox&#8221;<\/strong> pentru laminare utilizeaz\u0103 ferestre din PVC praguri folie de PVC fabricarea companie de film lider mondial \u00abRenolit\u00bb care este rezistent la umezeal\u0103, mecanice \u0219i termice impacturi. Suprafa\u021ba ferestrei multistrat pervazul acoperite cu un strat de protec\u021bie special pentru a preveni deteriorarea mecanic\u0103 \u00een timpul transportului \u0219i instal\u0103rii. Pentru distribu\u021bia uniform\u0103 a glafuri BRUSBOX spum\u0103 au caneluri speciale.<\/p>\r\n<img decoding=\"async\" src=\"\/wp-content\/uploads\/2024\/06\/brusbox_1.webp\" alt=\"brusbox\" width=\"100%\" \/>\r\n<img decoding=\"async\" src=\"\/wp-content\/uploads\/2024\/06\/brusbox.webp\" alt=\"brusbox\" width=\"100%\" \/>\r\n<\/div>\r\n<\/div>\r\n<\/div>\r\n<\/section>\r\n<style>#pervaz{font-size:12px;letter-spacing:1px;padding:0;margin:0;margin-bottom:20px;font-weight:400}#pervaz li{display: inline-block;margin-right:5px;margin-bottom:10px}#pervaz a{outline:none;padding: 10px 20px 8px 20px;color: #888;font-size:11px;letter-spacing:3px;text-decoration:none;text-transform:uppercase;background:#eee;border:none !important}#pervaz a{color:#888;border:solid 1px #555;background:none}#pervaz a:hover{background:#111}#pervaz a.selected{color:#111;background-color: var(--primary-color-1)}.picframe img{height:175px;object-fit:cover}<\/style>\n<section id=\"section-portfolio\" class=\"no-top no-bottom\" aria-label=\"section-portfolio\">\n<div class=\"container\">\n\n<div class=\"spacer-single\"><\/div>\n\n<!-- portfolio filter begin -->\n<div class=\"row\">\n\n<div class=\"col-md-6 offset-md-3 text-center wow fadeInUp\">\n<h1>Color palette<\/h1>\n<div class=\"separator\"><span><i class=\"fa fa-circle\"><\/i><\/span><\/div>\n<div class=\"spacer-single\"><\/div>\n<\/div>\n\n<div class=\"clearfix\"><\/div>\n\n<div class=\"col-md-12 text-center\">\n<ul id=\"pervaz\" class=\"wow fadeInUp\" data-wow-delay=\"0s\">\n<li><a href=\"https:\/\/ecoplast.md\/en\/pervazuri\/\">All<\/a><\/li>\n<li><a href=\"https:\/\/ecoplast.md\/en\/pervazuri\/estera\/\">Estera<\/a><\/li>\n<li><a href=\"https:\/\/ecoplast.md\/en\/\/pervazuri\/plastolit\/\">Plastolit<\/a><\/li>\n<li><a href=\"https:\/\/ecoplast.md\/en\/\/pervazuri\/danke\/\">Danke<\/a><\/li>\n<li><a href=\"https:\/\/ecoplast.md\/en\/\/pervazuri\/crystallit\/\">Crystallit<\/a><\/li>\n<li><a href=\"https:\/\/ecoplast.md\/en\/\/pervazuri\/vitrage\/\">Vitrage<\/a><\/li>\n<\/ul>\n<\/div>\n<\/div>\n<!-- portfolio filter close -->\n\n<div id=\"gallery\" class=\"row grid_gallery gallery de-gallery wow fadeInUp\" data-wow-delay=\".3s\">\n\n<\/div>\n\n<\/div>\n<\/section>\n","protected":false},"excerpt":{"rendered":"Instal\u00eend un nou geam \u00een locuin\u021b\u0103, deja ave\u021bi nevoie \u0219i de un pervaz interior din PVC, dac\u0103 este necesar \u0219i un pervaz exterior din aluminiu. Compania EcoPlast are o gam\u0103 larg\u0103 de pervazuri la cele mai mici pre\u021buri. Datorit\u0103 materialului de calitate nu necesit\u0103 \u00eengrijire cu detergen\u021bi speciali \u0219i se combin\u0103 perfect cu fereastra. Toate [&hellip;]","protected":false},"author":1,"featured_media":0,"parent":0,"menu_order":0,"comment_status":"closed","ping_status":"closed","template":"","meta":{"footnotes":""},"class_list":["post-125","page","type-page","status-publish","hentry"],"translation":{"provider":"WPGlobus","version":"2.12.2","language":"en","enabled_languages":["ro","ru","en"],"languages":{"ro":{"title":true,"content":true,"excerpt":false},"ru":{"title":true,"content":true,"excerpt":false},"en":{"title":false,"content":false,"excerpt":false}}},"yoast_head":"<!-- This site is optimized with the Yoast SEO plugin v23.0 - https:\/\/yoast.com\/wordpress\/plugins\/seo\/ -->\n<title>- EcoPlast<\/title>\n<meta name=\"robots\" content=\"index, follow, max-snippet:-1, max-image-preview:large, max-video-preview:-1\" \/>\n<link rel=\"canonical\" href=\"https:\/\/ecoplast.md\/pervazuri\/\" \/>\n<meta property=\"og:locale\" content=\"en_US\" \/>\n<meta property=\"og:type\" content=\"article\" \/>\n<meta property=\"og:title\" content=\"- EcoPlast\" \/>\n<meta property=\"og:url\" content=\"https:\/\/ecoplast.md\/pervazuri\/\" \/>\n<meta property=\"og:site_name\" content=\"EcoPlast\" \/>\n<meta property=\"article:modified_time\" content=\"2024-07-03T21:53:12+00:00\" \/>\n<meta name=\"twitter:card\" content=\"summary_large_image\" \/>\n<meta name=\"twitter:label1\" content=\"Est. reading time\" \/>\n\t<meta name=\"twitter:data1\" content=\"4 minutes\" \/>\n<script type=\"application\/ld+json\" class=\"yoast-schema-graph\">{\"@context\":\"https:\/\/schema.org\",\"@graph\":[{\"@type\":\"WebPage\",\"@id\":\"https:\/\/ecoplast.md\/pervazuri\/\",\"url\":\"https:\/\/ecoplast.md\/pervazuri\/\",\"name\":\"- EcoPlast\",\"isPartOf\":{\"@id\":\"https:\/\/ecoplast.md\/#website\"},\"datePublished\":\"2024-06-12T06:45:53+00:00\",\"dateModified\":\"2024-07-03T21:53:12+00:00\",\"inLanguage\":\"en-US\",\"potentialAction\":[{\"@type\":\"ReadAction\",\"target\":[\"https:\/\/ecoplast.md\/pervazuri\/\"]}]},{\"@type\":\"WebSite\",\"@id\":\"https:\/\/ecoplast.md\/#website\",\"url\":\"https:\/\/ecoplast.md\/\",\"name\":\"EcoPlast\",\"description\":\"Quality PVC windows and doors at the lowest prices\",\"potentialAction\":[{\"@type\":\"SearchAction\",\"target\":{\"@type\":\"EntryPoint\",\"urlTemplate\":\"https:\/\/ecoplast.md\/?s={search_term_string}\"},\"query-input\":\"required name=search_term_string\"}],\"inLanguage\":\"en-US\"}]}<\/script>\n<!-- \/ Yoast SEO plugin. -->","yoast_head_json":{"title":"- EcoPlast","robots":{"index":"index","follow":"follow","max-snippet":"max-snippet:-1","max-image-preview":"max-image-preview:large","max-video-preview":"max-video-preview:-1"},"canonical":"https:\/\/ecoplast.md\/pervazuri\/","og_locale":"en_US","og_type":"article","og_title":"- EcoPlast","og_url":"https:\/\/ecoplast.md\/pervazuri\/","og_site_name":"EcoPlast","article_modified_time":"2024-07-03T21:53:12+00:00","twitter_card":"summary_large_image","twitter_misc":{"Est. reading time":"4 minutes"},"schema":{"@context":"https:\/\/schema.org","@graph":[{"@type":"WebPage","@id":"https:\/\/ecoplast.md\/pervazuri\/","url":"https:\/\/ecoplast.md\/pervazuri\/","name":"- EcoPlast","isPartOf":{"@id":"https:\/\/ecoplast.md\/#website"},"datePublished":"2024-06-12T06:45:53+00:00","dateModified":"2024-07-03T21:53:12+00:00","inLanguage":"en-US","potentialAction":[{"@type":"ReadAction","target":["https:\/\/ecoplast.md\/pervazuri\/"]}]},{"@type":"WebSite","@id":"https:\/\/ecoplast.md\/#website","url":"https:\/\/ecoplast.md\/","name":"EcoPlast","description":"Quality PVC windows and doors at the lowest prices","potentialAction":[{"@type":"SearchAction","target":{"@type":"EntryPoint","urlTemplate":"https:\/\/ecoplast.md\/?s={search_term_string}"},"query-input":"required name=search_term_string"}],"inLanguage":"en-US"}]}},"_links":{"self":[{"href":"https:\/\/ecoplast.md\/en\/wp-json\/wp\/v2\/pages\/125","targetHints":{"allow":["GET"]}}],"collection":[{"href":"https:\/\/ecoplast.md\/en\/wp-json\/wp\/v2\/pages"}],"about":[{"href":"https:\/\/ecoplast.md\/en\/wp-json\/wp\/v2\/types\/page"}],"author":[{"embeddable":true,"href":"https:\/\/ecoplast.md\/en\/wp-json\/wp\/v2\/users\/1"}],"replies":[{"embeddable":true,"href":"https:\/\/ecoplast.md\/en\/wp-json\/wp\/v2\/comments?post=125"}],"version-history":[{"count":10,"href":"https:\/\/ecoplast.md\/en\/wp-json\/wp\/v2\/pages\/125\/revisions"}],"predecessor-version":[{"id":312,"href":"https:\/\/ecoplast.md\/en\/wp-json\/wp\/v2\/pages\/125\/revisions\/312"}],"wp:attachment":[{"href":"https:\/\/ecoplast.md\/en\/wp-json\/wp\/v2\/media?parent=125"}],"curies":[{"name":"wp","href":"https:\/\/api.w.org\/{rel}","templated":true}]}}